{"id":25,"date":"2014-12-26T22:07:45","date_gmt":"2014-12-26T20:07:45","guid":{"rendered":"http:\/\/www.gross-data.de\/08-amiga\/?page_id=25"},"modified":"2020-03-13T18:19:55","modified_gmt":"2020-03-13T17:19:55","slug":"starseite","status":"publish","type":"page","link":"https:\/\/www.amiga-lizenz-lps.de\/","title":{"rendered":"Startseite"},"content":{"rendered":"<p>Willkommen bei &#8222;AMIGA-LPs.de&#8220;<\/p>\n<p>Ich m\u00f6chte Euch einen \u00dcberblick \u00fcber meine Amiga-Lizenz-LPs geben &#8211; einem abgeschlossenen Sammelgebiet &#8211; \u00fcberschaubar, aber doch anspruchsvoll und umfangreich.<\/p>\n<p>Ihr findet hier die Covers, die Titellisten, die Texte der LP-R\u00fcckseiten (die auf kaum einer Original LP drauf sind) und, wenn m\u00f6glich, auch weiterf\u00fchrende Informationen zur LP, zum Autor der Texte und eventuelle Unterschiede zum Original.<\/p>\n<p>Aktuell sind die <strong>LPs bis Buchstabe C fertig<\/strong>. Momentan wird am Buchstabe D gearbeitet.<\/p>\n<p>Wenn Ihr <strong>eine Liste der<\/strong> (aktuell von mir publizierten) <strong>AMIGA Lizenzschallplatten<\/strong> sucht, so findet Ihr diese im Menu LIZENZ-LPS unter BUCHSTABE A, B, C usw.<\/p>\n<p>Viel Spa\u00df mit dieser Seite<br \/>\nEuer Thomas Gro\u00df<\/p>\n<p>PS:\u00a0Es versteht sich von selbst, dass diese Seite(n) so schnell nicht fertig werden. Also schaut immer mal wieder vorbei oder nutzt den <strong>RSS-FEED<\/strong>.<\/p>\n<p>&#8211;&gt; der Link:\u00a0<a title=\"RSS-Feed zu den letzten Eingaben\" href=\"http:\/\/www.amiga-lizenz-lps.de\/index.php\/category\/amiga-lizenz-lps\/feed\/\" target=\"_blank\"><span style=\"text-decoration: underline;\">http:\/\/www.amiga-lizenz-lps.de\/index.php\/category\/amiga-lizenz-lps\/feed\/<\/span><\/a><\/p>\n","protected":false},"excerpt":{"rendered":"<p>Willkommen bei &#8222;AMIGA-LPs.de&#8220; Ich m\u00f6chte Euch einen \u00dcberblick \u00fcber meine Amiga-Lizenz-LPs geben &#8211; einem abgeschlossenen Sammelgebiet &#8211; \u00fcberschaubar, aber doch anspruchsvoll und umfangreich. Ihr findet hier die Covers, die Titellisten, die Texte der LP-R\u00fcckseiten (die auf kaum einer Original LP drauf sind) und, wenn m\u00f6glich, auch weiterf\u00fchrende Informationen zur LP, zum Autor der Texte und [&hellip;]<\/p>\n","protected":false},"author":2,"featured_media":0,"parent":0,"menu_order":0,"comment_status":"closed","ping_status":"closed","template":"","meta":[],"_links":{"self":[{"href":"https:\/\/www.amiga-lizenz-lps.de\/index.php\/wp-json\/wp\/v2\/pages\/25"}],"collection":[{"href":"https:\/\/www.amiga-lizenz-lps.de\/index.php\/wp-json\/wp\/v2\/pages"}],"about":[{"href":"https:\/\/www.amiga-lizenz-lps.de\/index.php\/wp-json\/wp\/v2\/types\/page"}],"author":[{"embeddable":true,"href":"https:\/\/www.amiga-lizenz-lps.de\/index.php\/wp-json\/wp\/v2\/users\/2"}],"replies":[{"embeddable":true,"href":"https:\/\/www.amiga-lizenz-lps.de\/index.php\/wp-json\/wp\/v2\/comments?post=25"}],"version-history":[{"count":33,"href":"https:\/\/www.amiga-lizenz-lps.de\/index.php\/wp-json\/wp\/v2\/pages\/25\/revisions"}],"predecessor-version":[{"id":1437,"href":"https:\/\/www.amiga-lizenz-lps.de\/index.php\/wp-json\/wp\/v2\/pages\/25\/revisions\/1437"}],"wp:attachment":[{"href":"https:\/\/www.amiga-lizenz-lps.de\/index.php\/wp-json\/wp\/v2\/media?parent=25"}],"curies":[{"name":"wp","href":"https:\/\/api.w.org\/{rel}","templated":true}]}}